{"id":3520,"date":"2015-07-27T15:32:43","date_gmt":"2015-07-27T15:32:43","guid":{"rendered":"http:\/\/www.udeu.net\/aviso-legal"},"modified":"2016-01-07T13:38:00","modified_gmt":"2016-01-07T12:38:00","slug":"aviso-legal","status":"publish","type":"page","link":"https:\/\/www.udeu.net\/es\/aviso-legal\/","title":{"rendered":"Aviso Legal"},"content":{"rendered":"<p>Usted est\u00e1 accediendo al sitio web de Udeu arquitectura i\u00a0producci\u00f3 scp el responsable del cual es Sergi Ventosa Hern\u00e1ndez de Udeu arquitectura y producci\u00f3 scp con C.I.F.: J-63931968.<\/p>\n<p>Este sitio web puede ser visitado por cualquier usuario de forma libre y gratuita siempre que sea por su uso exclusivamente personal. Se entender\u00e1 por \u201cUsuario\u201d toda persona f\u00edsica o jur\u00eddica que acceda o haya accedido este sitio web, sujeto por lo tanto al contenido del presente Aviso Legal.<\/p>\n<p>El usuario tendr\u00e1 que utilizar este sitio web y sus contenidos y\/o servicios de forma diligente y en conformidad con el contenido del presente Aviso Legal, as\u00ed como con la ley, la moral, el orden p\u00fablico y las buenas costumbres. Accediendo a este sitio web el usuario se compromete a \u00a0aceptar y aplicar los t\u00e9rminos del presente Aviso Legal.<\/p>\n<p>Udeu arquitectura i\u00a0producci\u00f3 scp se reserva el derecho a modificar o suprimir en cualquier momento y sin previo aviso los contenidos, servicios e informaciones que se encuentran en este sitio web.<\/p>\n<p>Udeu arquitectura i\u00a0producci\u00f3 scp se exime de cualquier tipo de responsabilidad derivada de la existencia de malware, errores en las l\u00edneas de comunicaci\u00f3n, defectos de hardware y software en el equipo de los usuarios.<\/p>\n<h2>PROPIEDAD INTELECTUAL INDUSTRIAL<\/h2>\n<p>Son propiedad de Udeu arquitectura\u00a0i\u00a0producci\u00f3 scp y se encuentran protegidos por las leyes espa\u00f1olas todos los derechos de propiedad Intelectual e industrial sobre cualesquier contenidos de este lugar, web, quedando reservada a favor Udeu arquitectura i\u00a0producci\u00f3 scp su exclusiva titularidad para todo el mundo y durante toda la vida legal de los mismos. Los terceros titulares de derechos de propiedad intelectual sobre fotograf\u00edas incluidas en este sitio web han concedido las correspondientes autorizaciones para su reproducci\u00f3n y puesta a disposici\u00f3n del p\u00fablico.<\/p>\n<p>Se entienden comprendidos entre estos derechos, a modelo enunciativo\u00a0y no limitativo, cualquier derecho de propiedad intelectual e industrial sobre textos, im\u00e1genes, dibujos, combinaciones de colores, archivos de audio y\/o de v\u00eddeo, archivos de software, botones, marcas, logotipos, esl\u00f3ganes y dise\u00f1o, programas de ordenador y sus elementos (c\u00f3digos fuente, interface, aplicaciones, desarrollos del sistema\u2026), as\u00ed como sobre la estructura, dise\u00f1o, selecci\u00f3n, ordenaci\u00f3n y presentaci\u00f3n de cualquier informaci\u00f3n y\/o contenidos en este sitio web.<\/p>\n<p>Quedan expresament prohibidas, en todo caso, la reproducci\u00f3n, copia, comunicaci\u00f3n, p\u00fablica distribuci\u00f3n, modificaci\u00f3n, transformaci\u00f3n, supresi\u00f3n, manipulaci\u00f3n, y cualquier otra forma de utilizaci\u00f3n con o sin \u00e1nimo de lucro, de todo o parte de este sitio web o cualquiera de sus contenidos, sin la previa y expresa autorizaci\u00f3n por escrito de Udeu arquitectura i\u00a0producci\u00f3 scp<\/p>\n<h2>POL\u00cdTICA DE PRIVACIDAD<\/h2>\n<h3>PROTECCI\u00d3N DE DATOS DE CAR\u00c1CTER PERSONAL<\/h3>\n<p>En cumplimiento de la Ley Org\u00e1nica 15\/1999 sobre Protecci\u00f3n de Car\u00e1cter Personal, Udeu arquitectura i\u00a0producci\u00f3 scp comunica al Usuario que los datos facilitados a trav\u00e9s de este sitio web quedan recogidos en un fichero el responsable del cual es Udeu arquitectura i\u00a0producci\u00f3 scp con C.I.F.: J-63931968, la finalidad del cual es dar respuesta a las consultas que el usuario nos haga llegar a trav\u00e9s de nuestro formulario de contacto.<\/p>\n<p>Los datos de car\u00e1cter personal del interesado ser\u00e1n tratados con absoluta confidencialidad y en ning\u00fan caso ser\u00e1n cedidas a terceros sin su previo consentimiento.<\/p>\n<p>El interesado puede ejercer los derechos de oposici\u00f3n, acceso, rectificaci\u00f3n y cancelaci\u00f3n de sus datos; para ejercitar estos derechos basta con dirigirse por escrito a Udeu arquitectura i\u00a0producci\u00f3 scp o mandar un e-mail solicitando\u00a0dicha informaci\u00f3n, correcci\u00f3n o anulaci\u00f3n a la direcci\u00f3n: info@udeu.net , incluyendo el nombre, apellido, fotocopia del DNI y direcci\u00f3n de correo electr\u00f3nico.<\/p>\n<p>Udeu arquitectura i\u00a0producci\u00f3 scp tiene el derecho, pero no la obligaci\u00f3n, a su libre albedr\u00edo, de corregir errores u omisiones de cualquier parte del sitio web, de mostrar alguna informaci\u00f3n en concreto para cumplir con determinadas leyes, y de editar, modificar, rechazar o suprimir cualquier contenido, en todo o en parte, del sitio web.<\/p>\n","protected":false},"excerpt":{"rendered":"<p>Usted est\u00e1 accediendo al sitio web de Udeu arquitectura i\u00a0producci\u00f3 scp el responsable del cual es Sergi Ventosa Hern\u00e1ndez de Udeu arquitectura y producci\u00f3 scp con C.I.F.: J-63931968. Este sitio web puede ser visitado por cualquier usuario de forma libre y gratuita siempre que sea por su uso exclusivamente personal. Se entender\u00e1 por \u201cUsuario\u201d toda &hellip; <a href=\"https:\/\/www.udeu.net\/es\/aviso-legal\/\" class=\"more-link\">Continue reading <span class=\"screen-reader-text\">Aviso Legal<\/span> <span class=\"meta-nav\">&rarr;<\/span><\/a><\/p>\n","protected":false},"author":1,"featured_media":0,"parent":0,"menu_order":0,"comment_status":"open","ping_status":"open","template":"template-legal-texts.php","meta":{"footnotes":""},"class_list":["post-3520","page","type-page","status-publish","hentry"],"yoast_head":"<!-- This site is optimized with the Yoast SEO plugin v24.4 - https:\/\/yoast.com\/wordpress\/plugins\/seo\/ -->\n<title>Aviso Legal - Udeu<\/title>\n<meta name=\"robots\" content=\"index, follow, max-snippet:-1, max-image-preview:large, max-video-preview:-1\" \/>\n<link rel=\"canonical\" href=\"http:\/\/www.udeu.net\/es\/aviso-legal\/\" \/>\n<meta property=\"og:locale\" content=\"es_ES\" \/>\n<meta property=\"og:type\" content=\"article\" \/>\n<meta property=\"og:title\" content=\"Aviso Legal - Udeu\" \/>\n<meta property=\"og:description\" content=\"Usted est\u00e1 accediendo al sitio web de Udeu arquitectura i\u00a0producci\u00f3 scp el responsable del cual es Sergi Ventosa Hern\u00e1ndez de Udeu arquitectura y producci\u00f3 scp con C.I.F.: J-63931968. Este sitio web puede ser visitado por cualquier usuario de forma libre y gratuita siempre que sea por su uso exclusivamente personal. Se entender\u00e1 por \u201cUsuario\u201d toda &hellip; Continue reading Aviso Legal &rarr;\" \/>\n<meta property=\"og:url\" content=\"http:\/\/www.udeu.net\/es\/aviso-legal\/\" \/>\n<meta property=\"og:site_name\" content=\"Udeu\" \/>\n<meta property=\"article:modified_time\" content=\"2016-01-07T12:38:00+00:00\" \/>\n<meta name=\"twitter:card\" content=\"summary_large_image\" \/>\n<meta name=\"twitter:label1\" content=\"Tiempo de lectura\" \/>\n\t<meta name=\"twitter:data1\" content=\"3 minutos\" \/>\n<script type=\"application\/ld+json\" class=\"yoast-schema-graph\">{\"@context\":\"https:\/\/schema.org\",\"@graph\":[{\"@type\":\"WebPage\",\"@id\":\"http:\/\/www.udeu.net\/es\/aviso-legal\/\",\"url\":\"http:\/\/www.udeu.net\/es\/aviso-legal\/\",\"name\":\"Aviso Legal - Udeu\",\"isPartOf\":{\"@id\":\"http:\/\/www.udeu.net\/#website\"},\"datePublished\":\"2015-07-27T15:32:43+00:00\",\"dateModified\":\"2016-01-07T12:38:00+00:00\",\"breadcrumb\":{\"@id\":\"http:\/\/www.udeu.net\/es\/aviso-legal\/#breadcrumb\"},\"inLanguage\":\"es\",\"potentialAction\":[{\"@type\":\"ReadAction\",\"target\":[\"http:\/\/www.udeu.net\/es\/aviso-legal\/\"]}]},{\"@type\":\"BreadcrumbList\",\"@id\":\"http:\/\/www.udeu.net\/es\/aviso-legal\/#breadcrumb\",\"itemListElement\":[{\"@type\":\"ListItem\",\"position\":1,\"name\":\"Home\",\"item\":\"http:\/\/www.udeu.net\/es\/\"},{\"@type\":\"ListItem\",\"position\":2,\"name\":\"Aviso Legal\"}]},{\"@type\":\"WebSite\",\"@id\":\"http:\/\/www.udeu.net\/#website\",\"url\":\"http:\/\/www.udeu.net\/\",\"name\":\"Udeu\",\"description\":\"Otro sitio realizado con WordPress\",\"potentialAction\":[{\"@type\":\"SearchAction\",\"target\":{\"@type\":\"EntryPoint\",\"urlTemplate\":\"http:\/\/www.udeu.net\/?s={search_term_string}\"},\"query-input\":{\"@type\":\"PropertyValueSpecification\",\"valueRequired\":true,\"valueName\":\"search_term_string\"}}],\"inLanguage\":\"es\"}]}<\/script>\n<!-- \/ Yoast SEO plugin. -->","yoast_head_json":{"title":"Aviso Legal - Udeu","robots":{"index":"index","follow":"follow","max-snippet":"max-snippet:-1","max-image-preview":"max-image-preview:large","max-video-preview":"max-video-preview:-1"},"canonical":"http:\/\/www.udeu.net\/es\/aviso-legal\/","og_locale":"es_ES","og_type":"article","og_title":"Aviso Legal - Udeu","og_description":"Usted est\u00e1 accediendo al sitio web de Udeu arquitectura i\u00a0producci\u00f3 scp el responsable del cual es Sergi Ventosa Hern\u00e1ndez de Udeu arquitectura y producci\u00f3 scp con C.I.F.: J-63931968. Este sitio web puede ser visitado por cualquier usuario de forma libre y gratuita siempre que sea por su uso exclusivamente personal. Se entender\u00e1 por \u201cUsuario\u201d toda &hellip; Continue reading Aviso Legal &rarr;","og_url":"http:\/\/www.udeu.net\/es\/aviso-legal\/","og_site_name":"Udeu","article_modified_time":"2016-01-07T12:38:00+00:00","twitter_card":"summary_large_image","twitter_misc":{"Tiempo de lectura":"3 minutos"},"schema":{"@context":"https:\/\/schema.org","@graph":[{"@type":"WebPage","@id":"http:\/\/www.udeu.net\/es\/aviso-legal\/","url":"http:\/\/www.udeu.net\/es\/aviso-legal\/","name":"Aviso Legal - Udeu","isPartOf":{"@id":"http:\/\/www.udeu.net\/#website"},"datePublished":"2015-07-27T15:32:43+00:00","dateModified":"2016-01-07T12:38:00+00:00","breadcrumb":{"@id":"http:\/\/www.udeu.net\/es\/aviso-legal\/#breadcrumb"},"inLanguage":"es","potentialAction":[{"@type":"ReadAction","target":["http:\/\/www.udeu.net\/es\/aviso-legal\/"]}]},{"@type":"BreadcrumbList","@id":"http:\/\/www.udeu.net\/es\/aviso-legal\/#breadcrumb","itemListElement":[{"@type":"ListItem","position":1,"name":"Home","item":"http:\/\/www.udeu.net\/es\/"},{"@type":"ListItem","position":2,"name":"Aviso Legal"}]},{"@type":"WebSite","@id":"http:\/\/www.udeu.net\/#website","url":"http:\/\/www.udeu.net\/","name":"Udeu","description":"Otro sitio realizado con WordPress","potentialAction":[{"@type":"SearchAction","target":{"@type":"EntryPoint","urlTemplate":"http:\/\/www.udeu.net\/?s={search_term_string}"},"query-input":{"@type":"PropertyValueSpecification","valueRequired":true,"valueName":"search_term_string"}}],"inLanguage":"es"}]}},"_links":{"self":[{"href":"https:\/\/www.udeu.net\/es\/wp-json\/wp\/v2\/pages\/3520","targetHints":{"allow":["GET"]}}],"collection":[{"href":"https:\/\/www.udeu.net\/es\/wp-json\/wp\/v2\/pages"}],"about":[{"href":"https:\/\/www.udeu.net\/es\/wp-json\/wp\/v2\/types\/page"}],"author":[{"embeddable":true,"href":"https:\/\/www.udeu.net\/es\/wp-json\/wp\/v2\/users\/1"}],"replies":[{"embeddable":true,"href":"https:\/\/www.udeu.net\/es\/wp-json\/wp\/v2\/comments?post=3520"}],"version-history":[{"count":0,"href":"https:\/\/www.udeu.net\/es\/wp-json\/wp\/v2\/pages\/3520\/revisions"}],"wp:attachment":[{"href":"https:\/\/www.udeu.net\/es\/wp-json\/wp\/v2\/media?parent=3520"}],"curies":[{"name":"wp","href":"https:\/\/api.w.org\/{rel}","templated":true}]}}