{"id":3523,"date":"2015-07-27T15:37:52","date_gmt":"2015-07-27T15:37:52","guid":{"rendered":"http:\/\/www.udeu.net\/politica-de-privacidad"},"modified":"2016-01-07T14:05:30","modified_gmt":"2016-01-07T13:05:30","slug":"politica-de-privacidad","status":"publish","type":"page","link":"https:\/\/www.udeu.net\/es\/politica-de-privacidad\/","title":{"rendered":"Pol\u00edtica de Privacidad"},"content":{"rendered":"<p>En cumplimiento de la Ley Org\u00e1nica 15\/1999 sobre Protecci\u00f3n de Car\u00e1cter Personal, Udeu arquitectura i\u00a0producci\u00f3 scp comunica al Usuario que los datos facilitados a trav\u00e9s de este sitio web quedan recogidos en un fichero el responsable del cual es Udeu arquitectura i\u00a0producci\u00f3 scp con C.I.F. J-63931968 y la finalidad del cual es dar respuesta a las consultas que el usuario nos haga llegar a trav\u00e9s de nuestro formulario de contacto.<\/p>\n<p>Los datos de car\u00e1cter personal del interesado ser\u00e1n tratados con absoluta confidencialidad y en ning\u00fan caso ser\u00e1n cedidos a terceros sin su previo consentimiento.<\/p>\n<p>El interesado puede\u00a0ejercer\u00a0los derechos de oposici\u00f3n, acceso, rectificaci\u00f3n y cancelaci\u00f3n de sus datos; para ejercitar estos derechos basta con dirigirse por escrito a Udeu arquitectura i\u00a0producci\u00f3 scp o mandar un e-mail solicitando dicha informaci\u00f3n, correcci\u00f3n o anulaci\u00f3n a la direcci\u00f3n: Info@udeu.net , incluyendo el nombre, apellido, fotocopia del DNI y direcci\u00f3n de correo electr\u00f3nico.<\/p>\n<p>Udeu arquitectura i\u00a0producci\u00f3 scp tiene el derecho, pero no la obligaci\u00f3n, a su libre albedr\u00edo, de corregir errores o omisiones de cualquier parte del sitio web, de mostrar alguna informaci\u00f3n en concreto para cumplir con determinadas leyes, y de editar, modificar, rechazar o suprimir cualquier contenido, en todo o en parte, del sitio web.<\/p>\n","protected":false},"excerpt":{"rendered":"<p>En cumplimiento de la Ley Org\u00e1nica 15\/1999 sobre Protecci\u00f3n de Car\u00e1cter Personal, Udeu arquitectura i\u00a0producci\u00f3 scp comunica al Usuario que los datos facilitados a trav\u00e9s de este sitio web quedan recogidos en un fichero el responsable del cual es Udeu arquitectura i\u00a0producci\u00f3 scp con C.I.F. J-63931968 y la finalidad del cual es dar respuesta a &hellip; <a href=\"https:\/\/www.udeu.net\/es\/politica-de-privacidad\/\" class=\"more-link\">Continue reading <span class=\"screen-reader-text\">Pol\u00edtica de Privacidad<\/span> <span class=\"meta-nav\">&rarr;<\/span><\/a><\/p>\n","protected":false},"author":1,"featured_media":0,"parent":0,"menu_order":0,"comment_status":"open","ping_status":"open","template":"template-legal-texts.php","meta":{"footnotes":""},"class_list":["post-3523","page","type-page","status-publish","hentry"],"yoast_head":"<!-- This site is optimized with the Yoast SEO plugin v24.4 - https:\/\/yoast.com\/wordpress\/plugins\/seo\/ -->\n<title>Pol\u00edtica de Privacidad - Udeu<\/title>\n<meta name=\"robots\" content=\"index, follow, max-snippet:-1, max-image-preview:large, max-video-preview:-1\" \/>\n<link rel=\"canonical\" href=\"http:\/\/www.udeu.net\/es\/politica-de-privacidad\/\" \/>\n<meta property=\"og:locale\" content=\"es_ES\" \/>\n<meta property=\"og:type\" content=\"article\" \/>\n<meta property=\"og:title\" content=\"Pol\u00edtica de Privacidad - Udeu\" \/>\n<meta property=\"og:description\" content=\"En cumplimiento de la Ley Org\u00e1nica 15\/1999 sobre Protecci\u00f3n de Car\u00e1cter Personal, Udeu arquitectura i\u00a0producci\u00f3 scp comunica al Usuario que los datos facilitados a trav\u00e9s de este sitio web quedan recogidos en un fichero el responsable del cual es Udeu arquitectura i\u00a0producci\u00f3 scp con C.I.F. J-63931968 y la finalidad del cual es dar respuesta a &hellip; Continue reading Pol\u00edtica de Privacidad &rarr;\" \/>\n<meta property=\"og:url\" content=\"http:\/\/www.udeu.net\/es\/politica-de-privacidad\/\" \/>\n<meta property=\"og:site_name\" content=\"Udeu\" \/>\n<meta property=\"article:modified_time\" content=\"2016-01-07T13:05:30+00:00\" \/>\n<meta name=\"twitter:card\" content=\"summary_large_image\" \/>\n<meta name=\"twitter:label1\" content=\"Tiempo de lectura\" \/>\n\t<meta name=\"twitter:data1\" content=\"1 minuto\" \/>\n<script type=\"application\/ld+json\" class=\"yoast-schema-graph\">{\"@context\":\"https:\/\/schema.org\",\"@graph\":[{\"@type\":\"WebPage\",\"@id\":\"http:\/\/www.udeu.net\/es\/politica-de-privacidad\/\",\"url\":\"http:\/\/www.udeu.net\/es\/politica-de-privacidad\/\",\"name\":\"Pol\u00edtica de Privacidad - Udeu\",\"isPartOf\":{\"@id\":\"http:\/\/www.udeu.net\/#website\"},\"datePublished\":\"2015-07-27T15:37:52+00:00\",\"dateModified\":\"2016-01-07T13:05:30+00:00\",\"breadcrumb\":{\"@id\":\"http:\/\/www.udeu.net\/es\/politica-de-privacidad\/#breadcrumb\"},\"inLanguage\":\"es\",\"potentialAction\":[{\"@type\":\"ReadAction\",\"target\":[\"http:\/\/www.udeu.net\/es\/politica-de-privacidad\/\"]}]},{\"@type\":\"BreadcrumbList\",\"@id\":\"http:\/\/www.udeu.net\/es\/politica-de-privacidad\/#breadcrumb\",\"itemListElement\":[{\"@type\":\"ListItem\",\"position\":1,\"name\":\"Home\",\"item\":\"https:\/\/www.udeu.net\/es\/\"},{\"@type\":\"ListItem\",\"position\":2,\"name\":\"Pol\u00edtica de Privacidad\"}]},{\"@type\":\"WebSite\",\"@id\":\"http:\/\/www.udeu.net\/#website\",\"url\":\"http:\/\/www.udeu.net\/\",\"name\":\"Udeu\",\"description\":\"Otro sitio realizado con WordPress\",\"potentialAction\":[{\"@type\":\"SearchAction\",\"target\":{\"@type\":\"EntryPoint\",\"urlTemplate\":\"http:\/\/www.udeu.net\/?s={search_term_string}\"},\"query-input\":{\"@type\":\"PropertyValueSpecification\",\"valueRequired\":true,\"valueName\":\"search_term_string\"}}],\"inLanguage\":\"es\"}]}<\/script>\n<!-- \/ Yoast SEO plugin. -->","yoast_head_json":{"title":"Pol\u00edtica de Privacidad - Udeu","robots":{"index":"index","follow":"follow","max-snippet":"max-snippet:-1","max-image-preview":"max-image-preview:large","max-video-preview":"max-video-preview:-1"},"canonical":"http:\/\/www.udeu.net\/es\/politica-de-privacidad\/","og_locale":"es_ES","og_type":"article","og_title":"Pol\u00edtica de Privacidad - Udeu","og_description":"En cumplimiento de la Ley Org\u00e1nica 15\/1999 sobre Protecci\u00f3n de Car\u00e1cter Personal, Udeu arquitectura i\u00a0producci\u00f3 scp comunica al Usuario que los datos facilitados a trav\u00e9s de este sitio web quedan recogidos en un fichero el responsable del cual es Udeu arquitectura i\u00a0producci\u00f3 scp con C.I.F. J-63931968 y la finalidad del cual es dar respuesta a &hellip; Continue reading Pol\u00edtica de Privacidad &rarr;","og_url":"http:\/\/www.udeu.net\/es\/politica-de-privacidad\/","og_site_name":"Udeu","article_modified_time":"2016-01-07T13:05:30+00:00","twitter_card":"summary_large_image","twitter_misc":{"Tiempo de lectura":"1 minuto"},"schema":{"@context":"https:\/\/schema.org","@graph":[{"@type":"WebPage","@id":"http:\/\/www.udeu.net\/es\/politica-de-privacidad\/","url":"http:\/\/www.udeu.net\/es\/politica-de-privacidad\/","name":"Pol\u00edtica de Privacidad - Udeu","isPartOf":{"@id":"http:\/\/www.udeu.net\/#website"},"datePublished":"2015-07-27T15:37:52+00:00","dateModified":"2016-01-07T13:05:30+00:00","breadcrumb":{"@id":"http:\/\/www.udeu.net\/es\/politica-de-privacidad\/#breadcrumb"},"inLanguage":"es","potentialAction":[{"@type":"ReadAction","target":["http:\/\/www.udeu.net\/es\/politica-de-privacidad\/"]}]},{"@type":"BreadcrumbList","@id":"http:\/\/www.udeu.net\/es\/politica-de-privacidad\/#breadcrumb","itemListElement":[{"@type":"ListItem","position":1,"name":"Home","item":"https:\/\/www.udeu.net\/es\/"},{"@type":"ListItem","position":2,"name":"Pol\u00edtica de Privacidad"}]},{"@type":"WebSite","@id":"http:\/\/www.udeu.net\/#website","url":"http:\/\/www.udeu.net\/","name":"Udeu","description":"Otro sitio realizado con WordPress","potentialAction":[{"@type":"SearchAction","target":{"@type":"EntryPoint","urlTemplate":"http:\/\/www.udeu.net\/?s={search_term_string}"},"query-input":{"@type":"PropertyValueSpecification","valueRequired":true,"valueName":"search_term_string"}}],"inLanguage":"es"}]}},"_links":{"self":[{"href":"https:\/\/www.udeu.net\/es\/wp-json\/wp\/v2\/pages\/3523","targetHints":{"allow":["GET"]}}],"collection":[{"href":"https:\/\/www.udeu.net\/es\/wp-json\/wp\/v2\/pages"}],"about":[{"href":"https:\/\/www.udeu.net\/es\/wp-json\/wp\/v2\/types\/page"}],"author":[{"embeddable":true,"href":"https:\/\/www.udeu.net\/es\/wp-json\/wp\/v2\/users\/1"}],"replies":[{"embeddable":true,"href":"https:\/\/www.udeu.net\/es\/wp-json\/wp\/v2\/comments?post=3523"}],"version-history":[{"count":0,"href":"https:\/\/www.udeu.net\/es\/wp-json\/wp\/v2\/pages\/3523\/revisions"}],"wp:attachment":[{"href":"https:\/\/www.udeu.net\/es\/wp-json\/wp\/v2\/media?parent=3523"}],"curies":[{"name":"wp","href":"https:\/\/api.w.org\/{rel}","templated":true}]}}