{"id":4062,"date":"2015-07-31T13:50:32","date_gmt":"2015-07-31T11:50:32","guid":{"rendered":"http:\/\/www.udeu.net\/condiciones-de-privacidad"},"modified":"2016-01-07T13:41:37","modified_gmt":"2016-01-07T12:41:37","slug":"condiciones-de-privacidad","status":"publish","type":"page","link":"https:\/\/www.udeu.net\/es\/condiciones-de-privacidad\/","title":{"rendered":"CONDICIONES DE PRIVACIDAD"},"content":{"rendered":"<p>En cumplimiento de la ley Org\u00e1nica 15\/1999 sobre Protecci\u00f3n de datos de car\u00e1cter personal, le\u00a0informamos que los datos facilitados a trav\u00e9s de este sitio web quedar\u00e1n recogidos en un fichero del cual es\u00a0responsable Udeu arquitectura i\u00a0producci\u00f3 scp con CIF J-63931968, con el fin de dar respuesta a las dudas que pueda plantearnos o facilitarle informaci\u00f3n que nos fuera concretamente solicitada.<\/p>\n<p>Sus datos ser\u00e1n tratados con absoluta confidencialidad y en ning\u00fan caso ser\u00e1n cedidas a terceros sin su previo consentimiento. Usted puede ejercer los derechos de ocupaci\u00f3n, acceso, rectificaci\u00f3n y cancelaci\u00f3n de sus datos personales, dirigi\u00e9ndose personalmente a las oficinas de la empresa ubicadas a la direcci\u00f3n antes indicada, manifestando claramente el objeto de su petici\u00f3n y acreditando debidamente su identificaci\u00f3n (fotocopia DNI)<\/p>\n","protected":false},"excerpt":{"rendered":"<p>En cumplimiento de la ley Org\u00e1nica 15\/1999 sobre Protecci\u00f3n de datos de car\u00e1cter personal, le\u00a0informamos que los datos facilitados a trav\u00e9s de este sitio web quedar\u00e1n recogidos en un fichero del cual es\u00a0responsable Udeu arquitectura i\u00a0producci\u00f3 scp con CIF J-63931968, con el fin de dar respuesta a las dudas que pueda plantearnos o facilitarle informaci\u00f3n &hellip; <a href=\"https:\/\/www.udeu.net\/es\/condiciones-de-privacidad\/\" class=\"more-link\">Continue reading <span class=\"screen-reader-text\">CONDICIONES DE PRIVACIDAD<\/span> <span class=\"meta-nav\">&rarr;<\/span><\/a><\/p>\n","protected":false},"author":3,"featured_media":0,"parent":0,"menu_order":0,"comment_status":"open","ping_status":"open","template":"template-legal-texts.php","meta":{"footnotes":""},"class_list":["post-4062","page","type-page","status-publish","hentry"],"yoast_head":"<!-- This site is optimized with the Yoast SEO plugin v24.4 - https:\/\/yoast.com\/wordpress\/plugins\/seo\/ -->\n<title>CONDICIONES DE PRIVACIDAD - Udeu<\/title>\n<meta name=\"robots\" content=\"index, follow, max-snippet:-1, max-image-preview:large, max-video-preview:-1\" \/>\n<link rel=\"canonical\" href=\"http:\/\/www.udeu.net\/es\/condiciones-de-privacidad\/\" \/>\n<meta property=\"og:locale\" content=\"es_ES\" \/>\n<meta property=\"og:type\" content=\"article\" \/>\n<meta property=\"og:title\" content=\"CONDICIONES DE PRIVACIDAD - Udeu\" \/>\n<meta property=\"og:description\" content=\"En cumplimiento de la ley Org\u00e1nica 15\/1999 sobre Protecci\u00f3n de datos de car\u00e1cter personal, le\u00a0informamos que los datos facilitados a trav\u00e9s de este sitio web quedar\u00e1n recogidos en un fichero del cual es\u00a0responsable Udeu arquitectura i\u00a0producci\u00f3 scp con CIF J-63931968, con el fin de dar respuesta a las dudas que pueda plantearnos o facilitarle informaci\u00f3n &hellip; Continue reading CONDICIONES DE PRIVACIDAD &rarr;\" \/>\n<meta property=\"og:url\" content=\"http:\/\/www.udeu.net\/es\/condiciones-de-privacidad\/\" \/>\n<meta property=\"og:site_name\" content=\"Udeu\" \/>\n<meta property=\"article:modified_time\" content=\"2016-01-07T12:41:37+00:00\" \/>\n<meta name=\"twitter:card\" content=\"summary_large_image\" \/>\n<meta name=\"twitter:label1\" content=\"Tiempo de lectura\" \/>\n\t<meta name=\"twitter:data1\" content=\"1 minuto\" \/>\n<script type=\"application\/ld+json\" class=\"yoast-schema-graph\">{\"@context\":\"https:\/\/schema.org\",\"@graph\":[{\"@type\":\"WebPage\",\"@id\":\"http:\/\/www.udeu.net\/es\/condiciones-de-privacidad\/\",\"url\":\"http:\/\/www.udeu.net\/es\/condiciones-de-privacidad\/\",\"name\":\"CONDICIONES DE PRIVACIDAD - Udeu\",\"isPartOf\":{\"@id\":\"http:\/\/www.udeu.net\/es\/#website\"},\"datePublished\":\"2015-07-31T11:50:32+00:00\",\"dateModified\":\"2016-01-07T12:41:37+00:00\",\"breadcrumb\":{\"@id\":\"http:\/\/www.udeu.net\/es\/condiciones-de-privacidad\/#breadcrumb\"},\"inLanguage\":\"es\",\"potentialAction\":[{\"@type\":\"ReadAction\",\"target\":[\"http:\/\/www.udeu.net\/es\/condiciones-de-privacidad\/\"]}]},{\"@type\":\"BreadcrumbList\",\"@id\":\"http:\/\/www.udeu.net\/es\/condiciones-de-privacidad\/#breadcrumb\",\"itemListElement\":[{\"@type\":\"ListItem\",\"position\":1,\"name\":\"Home\",\"item\":\"http:\/\/www.udeu.net\/es\/\"},{\"@type\":\"ListItem\",\"position\":2,\"name\":\"CONDICIONES DE PRIVACIDAD\"}]},{\"@type\":\"WebSite\",\"@id\":\"http:\/\/www.udeu.net\/es\/#website\",\"url\":\"http:\/\/www.udeu.net\/es\/\",\"name\":\"Udeu\",\"description\":\"Otro sitio realizado con WordPress\",\"potentialAction\":[{\"@type\":\"SearchAction\",\"target\":{\"@type\":\"EntryPoint\",\"urlTemplate\":\"http:\/\/www.udeu.net\/es\/?s={search_term_string}\"},\"query-input\":{\"@type\":\"PropertyValueSpecification\",\"valueRequired\":true,\"valueName\":\"search_term_string\"}}],\"inLanguage\":\"es\"}]}<\/script>\n<!-- \/ Yoast SEO plugin. -->","yoast_head_json":{"title":"CONDICIONES DE PRIVACIDAD - Udeu","robots":{"index":"index","follow":"follow","max-snippet":"max-snippet:-1","max-image-preview":"max-image-preview:large","max-video-preview":"max-video-preview:-1"},"canonical":"http:\/\/www.udeu.net\/es\/condiciones-de-privacidad\/","og_locale":"es_ES","og_type":"article","og_title":"CONDICIONES DE PRIVACIDAD - Udeu","og_description":"En cumplimiento de la ley Org\u00e1nica 15\/1999 sobre Protecci\u00f3n de datos de car\u00e1cter personal, le\u00a0informamos que los datos facilitados a trav\u00e9s de este sitio web quedar\u00e1n recogidos en un fichero del cual es\u00a0responsable Udeu arquitectura i\u00a0producci\u00f3 scp con CIF J-63931968, con el fin de dar respuesta a las dudas que pueda plantearnos o facilitarle informaci\u00f3n &hellip; Continue reading CONDICIONES DE PRIVACIDAD &rarr;","og_url":"http:\/\/www.udeu.net\/es\/condiciones-de-privacidad\/","og_site_name":"Udeu","article_modified_time":"2016-01-07T12:41:37+00:00","twitter_card":"summary_large_image","twitter_misc":{"Tiempo de lectura":"1 minuto"},"schema":{"@context":"https:\/\/schema.org","@graph":[{"@type":"WebPage","@id":"http:\/\/www.udeu.net\/es\/condiciones-de-privacidad\/","url":"http:\/\/www.udeu.net\/es\/condiciones-de-privacidad\/","name":"CONDICIONES DE PRIVACIDAD - Udeu","isPartOf":{"@id":"http:\/\/www.udeu.net\/es\/#website"},"datePublished":"2015-07-31T11:50:32+00:00","dateModified":"2016-01-07T12:41:37+00:00","breadcrumb":{"@id":"http:\/\/www.udeu.net\/es\/condiciones-de-privacidad\/#breadcrumb"},"inLanguage":"es","potentialAction":[{"@type":"ReadAction","target":["http:\/\/www.udeu.net\/es\/condiciones-de-privacidad\/"]}]},{"@type":"BreadcrumbList","@id":"http:\/\/www.udeu.net\/es\/condiciones-de-privacidad\/#breadcrumb","itemListElement":[{"@type":"ListItem","position":1,"name":"Home","item":"http:\/\/www.udeu.net\/es\/"},{"@type":"ListItem","position":2,"name":"CONDICIONES DE PRIVACIDAD"}]},{"@type":"WebSite","@id":"http:\/\/www.udeu.net\/es\/#website","url":"http:\/\/www.udeu.net\/es\/","name":"Udeu","description":"Otro sitio realizado con WordPress","potentialAction":[{"@type":"SearchAction","target":{"@type":"EntryPoint","urlTemplate":"http:\/\/www.udeu.net\/es\/?s={search_term_string}"},"query-input":{"@type":"PropertyValueSpecification","valueRequired":true,"valueName":"search_term_string"}}],"inLanguage":"es"}]}},"_links":{"self":[{"href":"https:\/\/www.udeu.net\/es\/wp-json\/wp\/v2\/pages\/4062","targetHints":{"allow":["GET"]}}],"collection":[{"href":"https:\/\/www.udeu.net\/es\/wp-json\/wp\/v2\/pages"}],"about":[{"href":"https:\/\/www.udeu.net\/es\/wp-json\/wp\/v2\/types\/page"}],"author":[{"embeddable":true,"href":"https:\/\/www.udeu.net\/es\/wp-json\/wp\/v2\/users\/3"}],"replies":[{"embeddable":true,"href":"https:\/\/www.udeu.net\/es\/wp-json\/wp\/v2\/comments?post=4062"}],"version-history":[{"count":0,"href":"https:\/\/www.udeu.net\/es\/wp-json\/wp\/v2\/pages\/4062\/revisions"}],"wp:attachment":[{"href":"https:\/\/www.udeu.net\/es\/wp-json\/wp\/v2\/media?parent=4062"}],"curies":[{"name":"wp","href":"https:\/\/api.w.org\/{rel}","templated":true}]}}